{"id":524,"date":"2022-10-26T15:27:47","date_gmt":"2022-10-26T13:27:47","guid":{"rendered":"https:\/\/www.morere-menuiseries.fr\/?page_id=524"},"modified":"2022-10-27T14:03:19","modified_gmt":"2022-10-27T12:03:19","slug":"mentions-legales","status":"publish","type":"page","link":"https:\/\/www.morere-menuiseries.fr\/index.php\/mentions-legales\/","title":{"rendered":"Mentions l\u00e9gales"},"content":{"rendered":"\t\t<div data-elementor-type=\"wp-page\" data-elementor-id=\"524\" class=\"elementor elementor-524\" data-elementor-post-type=\"page\">\n\t\t\t\t\t\t<section class=\"elementor-section elementor-top-section elementor-element elementor-element-0c53cee elementor-section-boxed elementor-section-height-default elementor-section-height-default\" data-id=\"0c53cee\" data-element_type=\"section\" data-e-type=\"section\">\n\t\t\t\t\t\t<div class=\"elementor-container elementor-column-gap-default\">\n\t\t\t\t\t<div class=\"elementor-column elementor-col-100 elementor-top-column elementor-element elementor-element-631d23c\" data-id=\"631d23c\" data-element_type=\"column\" data-e-type=\"column\">\n\t\t\t<div class=\"elementor-widget-wrap elementor-element-populated\">\n\t\t\t\t\t\t<div class=\"elementor-element elementor-element-20acf2f elementor-widget elementor-widget-heading\" data-id=\"20acf2f\" data-element_type=\"widget\" data-e-type=\"widget\" data-widget_type=\"heading.default\">\n\t\t\t\t<div class=\"elementor-widget-container\">\n\t\t\t\t\t<h2 class=\"elementor-heading-title elementor-size-default\">Mentions l\u00e9gales<\/h2>\t\t\t\t<\/div>\n\t\t\t\t<\/div>\n\t\t\t\t\t<\/div>\n\t\t<\/div>\n\t\t\t\t\t<\/div>\n\t\t<\/section>\n\t\t\t\t<section class=\"elementor-section elementor-top-section elementor-element elementor-element-0ccea1e elementor-section-boxed elementor-section-height-default elementor-section-height-default\" data-id=\"0ccea1e\" data-element_type=\"section\" data-e-type=\"section\">\n\t\t\t\t\t\t<div class=\"elementor-container elementor-column-gap-default\">\n\t\t\t\t\t<div class=\"elementor-column elementor-col-100 elementor-top-column elementor-element elementor-element-2ef23a9\" data-id=\"2ef23a9\" data-element_type=\"column\" data-e-type=\"column\">\n\t\t\t<div class=\"elementor-widget-wrap elementor-element-populated\">\n\t\t\t\t\t\t<div class=\"elementor-element elementor-element-10ec60d elementor-widget elementor-widget-text-editor\" data-id=\"10ec60d\" data-element_type=\"widget\" data-e-type=\"widget\" data-widget_type=\"text-editor.default\">\n\t\t\t\t<div class=\"elementor-widget-container\">\n\t\t\t\t\t\t\t\t\t<div data-id=\"551190b8\" data-element_type=\"widget\" data-widget_type=\"text-editor.default\">\n<div>\n<div>\n<p>Merci de lire avec attention les diff\u00e9rentes modalit\u00e9s d\u2019utilisation du pr\u00e9sent site avant d\u2019y parcourir ses pages. En vous connectant sur ce site, vous acceptez, sans r\u00e9serves, les pr\u00e9sentes modalit\u00e9s. Aussi, conform\u00e9ment \u00e0 l\u2019article n\u00b06 de la Loi n\u00b02004-575 du 21 Juin 2004 pour la confiance dans l\u2019\u00e9conomie num\u00e9rique, les responsables du pr\u00e9sent site internet www.morere-menuiseries.fr sont :<\/p>\n<p><strong>\u00c9diteur du Site : <\/strong><\/p>\n<p>SARL Philippe Mor\u00e8re<br><\/p>\n<p>Num\u00e9ro de SIRET : 493 537 781 00012<br><\/p>\n<p>Responsable \u00e9ditorial : Jonathan Mor\u00e8re 370 route des marrous Gaynes, 09000 B\u00e9nac<br><\/p>\n<p>T\u00e9l\u00e9phone : 05 61 02 80 12<br><\/p>\n<p>Email : contact@morere-menuiseries.fr<\/p>\n<p>Site Web : www.morere-menuiseries.fr<\/p>\n<p><strong>H\u00e9bergement :<\/strong><\/p>\n<p>H\u00e9bergeur : OVH 2 rue Kellerman, 59100 Roubaix<br><\/p>\n<p>Site Web : www.ovhcloud.com<\/p>\n<p><strong>D\u00e9veloppement : <\/strong>MP Event<\/p>\n<p>Adresse : P\u00e9pini\u00e8re d&rsquo;entreprise, ZA Cap Delta 09340 Verniolle<br><\/p>\n<p>Site Web : <a href=\"http:\/\/www.com-digitale.fr\" target=\"_blank\" rel=\"noopener\">www.com-digitale.fr<\/a><\/p>\n<\/div>\n<\/div>\n<\/div>\t\t\t\t\t\t\t\t<\/div>\n\t\t\t\t<\/div>\n\t\t\t\t\t<\/div>\n\t\t<\/div>\n\t\t\t\t\t<\/div>\n\t\t<\/section>\n\t\t\t\t<\/div>\n\t\t","protected":false},"excerpt":{"rendered":"<p>Mentions l\u00e9gales Merci de lire avec attention les diff\u00e9rentes modalit\u00e9s d\u2019utilisation du pr\u00e9sent site avant d\u2019y parcourir ses pages. En vous connectant sur ce site, vous acceptez, sans r\u00e9serves, les pr\u00e9sentes modalit\u00e9s. Aussi, conform\u00e9ment \u00e0 l\u2019article n\u00b06 de la Loi n\u00b02004-575 du 21 Juin 2004 pour la confiance dans l\u2019\u00e9conomie num\u00e9rique, les responsables du pr\u00e9sent [&hellip;]<\/p>\n","protected":false},"author":1,"featured_media":0,"parent":0,"menu_order":0,"comment_status":"closed","ping_status":"closed","template":"elementor_header_footer","meta":{"footnotes":""},"class_list":["post-524","page","type-page","status-publish","hentry"],"yoast_head":"<!-- This site is optimized with the Yoast SEO plugin v27.4 - https:\/\/yoast.com\/product\/yoast-seo-wordpress\/ -->\n<title>Mentions l\u00e9gales - Menuiseries Mor\u00e8re<\/title>\n<meta name=\"robots\" content=\"index, follow, max-snippet:-1, max-image-preview:large, max-video-preview:-1\" \/>\n<link rel=\"canonical\" href=\"https:\/\/www.morere-menuiseries.fr\/index.php\/mentions-legales\/\" \/>\n<meta property=\"og:locale\" content=\"fr_FR\" \/>\n<meta property=\"og:type\" content=\"article\" \/>\n<meta property=\"og:title\" content=\"Mentions l\u00e9gales - Menuiseries Mor\u00e8re\" \/>\n<meta property=\"og:description\" content=\"Mentions l\u00e9gales Merci de lire avec attention les diff\u00e9rentes modalit\u00e9s d\u2019utilisation du pr\u00e9sent site avant d\u2019y parcourir ses pages. En vous connectant sur ce site, vous acceptez, sans r\u00e9serves, les pr\u00e9sentes modalit\u00e9s. Aussi, conform\u00e9ment \u00e0 l\u2019article n\u00b06 de la Loi n\u00b02004-575 du 21 Juin 2004 pour la confiance dans l\u2019\u00e9conomie num\u00e9rique, les responsables du pr\u00e9sent [&hellip;]\" \/>\n<meta property=\"og:url\" content=\"https:\/\/www.morere-menuiseries.fr\/index.php\/mentions-legales\/\" \/>\n<meta property=\"og:site_name\" content=\"Menuiseries Mor\u00e8re\" \/>\n<meta property=\"article:modified_time\" content=\"2022-10-27T12:03:19+00:00\" \/>\n<meta name=\"twitter:card\" content=\"summary_large_image\" \/>\n<meta name=\"twitter:label1\" content=\"Dur\u00e9e de lecture estim\u00e9e\" \/>\n\t<meta name=\"twitter:data1\" content=\"1 minute\" \/>\n<script type=\"application\/ld+json\" class=\"yoast-schema-graph\">{\"@context\":\"https:\\\/\\\/schema.org\",\"@graph\":[{\"@type\":\"WebPage\",\"@id\":\"https:\\\/\\\/www.morere-menuiseries.fr\\\/index.php\\\/mentions-legales\\\/\",\"url\":\"https:\\\/\\\/www.morere-menuiseries.fr\\\/index.php\\\/mentions-legales\\\/\",\"name\":\"Mentions l\u00e9gales - Menuiseries Mor\u00e8re\",\"isPartOf\":{\"@id\":\"https:\\\/\\\/www.morere-menuiseries.fr\\\/#website\"},\"datePublished\":\"2022-10-26T13:27:47+00:00\",\"dateModified\":\"2022-10-27T12:03:19+00:00\",\"breadcrumb\":{\"@id\":\"https:\\\/\\\/www.morere-menuiseries.fr\\\/index.php\\\/mentions-legales\\\/#breadcrumb\"},\"inLanguage\":\"fr-FR\",\"potentialAction\":[{\"@type\":\"ReadAction\",\"target\":[\"https:\\\/\\\/www.morere-menuiseries.fr\\\/index.php\\\/mentions-legales\\\/\"]}]},{\"@type\":\"BreadcrumbList\",\"@id\":\"https:\\\/\\\/www.morere-menuiseries.fr\\\/index.php\\\/mentions-legales\\\/#breadcrumb\",\"itemListElement\":[{\"@type\":\"ListItem\",\"position\":1,\"name\":\"Accueil\",\"item\":\"https:\\\/\\\/www.morere-menuiseries.fr\\\/\"},{\"@type\":\"ListItem\",\"position\":2,\"name\":\"Mentions l\u00e9gales\"}]},{\"@type\":\"WebSite\",\"@id\":\"https:\\\/\\\/www.morere-menuiseries.fr\\\/#website\",\"url\":\"https:\\\/\\\/www.morere-menuiseries.fr\\\/\",\"name\":\"Menuiseries Mor\u00e8re\",\"description\":\"Un professionnel \u00e0 votre service\",\"publisher\":{\"@id\":\"https:\\\/\\\/www.morere-menuiseries.fr\\\/#organization\"},\"potentialAction\":[{\"@type\":\"SearchAction\",\"target\":{\"@type\":\"EntryPoint\",\"urlTemplate\":\"https:\\\/\\\/www.morere-menuiseries.fr\\\/?s={search_term_string}\"},\"query-input\":{\"@type\":\"PropertyValueSpecification\",\"valueRequired\":true,\"valueName\":\"search_term_string\"}}],\"inLanguage\":\"fr-FR\"},{\"@type\":\"Organization\",\"@id\":\"https:\\\/\\\/www.morere-menuiseries.fr\\\/#organization\",\"name\":\"Menuiseries Mor\u00e8re\",\"url\":\"https:\\\/\\\/www.morere-menuiseries.fr\\\/\",\"logo\":{\"@type\":\"ImageObject\",\"inLanguage\":\"fr-FR\",\"@id\":\"https:\\\/\\\/www.morere-menuiseries.fr\\\/#\\\/schema\\\/logo\\\/image\\\/\",\"url\":\"https:\\\/\\\/www.morere-menuiseries.fr\\\/wp-content\\\/uploads\\\/2022\\\/04\\\/cropped-Logo-Morere-menuiserie.png\",\"contentUrl\":\"https:\\\/\\\/www.morere-menuiseries.fr\\\/wp-content\\\/uploads\\\/2022\\\/04\\\/cropped-Logo-Morere-menuiserie.png\",\"width\":750,\"height\":750,\"caption\":\"Menuiseries Mor\u00e8re\"},\"image\":{\"@id\":\"https:\\\/\\\/www.morere-menuiseries.fr\\\/#\\\/schema\\\/logo\\\/image\\\/\"}}]}<\/script>\n<!-- \/ Yoast SEO plugin. -->","yoast_head_json":{"title":"Mentions l\u00e9gales - Menuiseries Mor\u00e8re","robots":{"index":"index","follow":"follow","max-snippet":"max-snippet:-1","max-image-preview":"max-image-preview:large","max-video-preview":"max-video-preview:-1"},"canonical":"https:\/\/www.morere-menuiseries.fr\/index.php\/mentions-legales\/","og_locale":"fr_FR","og_type":"article","og_title":"Mentions l\u00e9gales - Menuiseries Mor\u00e8re","og_description":"Mentions l\u00e9gales Merci de lire avec attention les diff\u00e9rentes modalit\u00e9s d\u2019utilisation du pr\u00e9sent site avant d\u2019y parcourir ses pages. En vous connectant sur ce site, vous acceptez, sans r\u00e9serves, les pr\u00e9sentes modalit\u00e9s. Aussi, conform\u00e9ment \u00e0 l\u2019article n\u00b06 de la Loi n\u00b02004-575 du 21 Juin 2004 pour la confiance dans l\u2019\u00e9conomie num\u00e9rique, les responsables du pr\u00e9sent [&hellip;]","og_url":"https:\/\/www.morere-menuiseries.fr\/index.php\/mentions-legales\/","og_site_name":"Menuiseries Mor\u00e8re","article_modified_time":"2022-10-27T12:03:19+00:00","twitter_card":"summary_large_image","twitter_misc":{"Dur\u00e9e de lecture estim\u00e9e":"1 minute"},"schema":{"@context":"https:\/\/schema.org","@graph":[{"@type":"WebPage","@id":"https:\/\/www.morere-menuiseries.fr\/index.php\/mentions-legales\/","url":"https:\/\/www.morere-menuiseries.fr\/index.php\/mentions-legales\/","name":"Mentions l\u00e9gales - Menuiseries Mor\u00e8re","isPartOf":{"@id":"https:\/\/www.morere-menuiseries.fr\/#website"},"datePublished":"2022-10-26T13:27:47+00:00","dateModified":"2022-10-27T12:03:19+00:00","breadcrumb":{"@id":"https:\/\/www.morere-menuiseries.fr\/index.php\/mentions-legales\/#breadcrumb"},"inLanguage":"fr-FR","potentialAction":[{"@type":"ReadAction","target":["https:\/\/www.morere-menuiseries.fr\/index.php\/mentions-legales\/"]}]},{"@type":"BreadcrumbList","@id":"https:\/\/www.morere-menuiseries.fr\/index.php\/mentions-legales\/#breadcrumb","itemListElement":[{"@type":"ListItem","position":1,"name":"Accueil","item":"https:\/\/www.morere-menuiseries.fr\/"},{"@type":"ListItem","position":2,"name":"Mentions l\u00e9gales"}]},{"@type":"WebSite","@id":"https:\/\/www.morere-menuiseries.fr\/#website","url":"https:\/\/www.morere-menuiseries.fr\/","name":"Menuiseries Mor\u00e8re","description":"Un professionnel \u00e0 votre service","publisher":{"@id":"https:\/\/www.morere-menuiseries.fr\/#organization"},"potentialAction":[{"@type":"SearchAction","target":{"@type":"EntryPoint","urlTemplate":"https:\/\/www.morere-menuiseries.fr\/?s={search_term_string}"},"query-input":{"@type":"PropertyValueSpecification","valueRequired":true,"valueName":"search_term_string"}}],"inLanguage":"fr-FR"},{"@type":"Organization","@id":"https:\/\/www.morere-menuiseries.fr\/#organization","name":"Menuiseries Mor\u00e8re","url":"https:\/\/www.morere-menuiseries.fr\/","logo":{"@type":"ImageObject","inLanguage":"fr-FR","@id":"https:\/\/www.morere-menuiseries.fr\/#\/schema\/logo\/image\/","url":"https:\/\/www.morere-menuiseries.fr\/wp-content\/uploads\/2022\/04\/cropped-Logo-Morere-menuiserie.png","contentUrl":"https:\/\/www.morere-menuiseries.fr\/wp-content\/uploads\/2022\/04\/cropped-Logo-Morere-menuiserie.png","width":750,"height":750,"caption":"Menuiseries Mor\u00e8re"},"image":{"@id":"https:\/\/www.morere-menuiseries.fr\/#\/schema\/logo\/image\/"}}]}},"_links":{"self":[{"href":"https:\/\/www.morere-menuiseries.fr\/index.php\/wp-json\/wp\/v2\/pages\/524","targetHints":{"allow":["GET"]}}],"collection":[{"href":"https:\/\/www.morere-menuiseries.fr\/index.php\/wp-json\/wp\/v2\/pages"}],"about":[{"href":"https:\/\/www.morere-menuiseries.fr\/index.php\/wp-json\/wp\/v2\/types\/page"}],"author":[{"embeddable":true,"href":"https:\/\/www.morere-menuiseries.fr\/index.php\/wp-json\/wp\/v2\/users\/1"}],"replies":[{"embeddable":true,"href":"https:\/\/www.morere-menuiseries.fr\/index.php\/wp-json\/wp\/v2\/comments?post=524"}],"version-history":[{"count":8,"href":"https:\/\/www.morere-menuiseries.fr\/index.php\/wp-json\/wp\/v2\/pages\/524\/revisions"}],"predecessor-version":[{"id":540,"href":"https:\/\/www.morere-menuiseries.fr\/index.php\/wp-json\/wp\/v2\/pages\/524\/revisions\/540"}],"wp:attachment":[{"href":"https:\/\/www.morere-menuiseries.fr\/index.php\/wp-json\/wp\/v2\/media?parent=524"}],"curies":[{"name":"wp","href":"https:\/\/api.w.org\/{rel}","templated":true}]}}